{"id":3199,"date":"2023-01-20T13:07:05","date_gmt":"2023-01-20T18:07:05","guid":{"rendered":"https:\/\/nourtransport.com\/politique-de-confidentialite\/"},"modified":"2025-10-19T21:09:46","modified_gmt":"2025-10-20T01:09:46","slug":"politique-de-confidentialite","status":"publish","type":"page","link":"https:\/\/nourtransport.com\/fr\/politique-de-confidentialite\/","title":{"rendered":"Politique de vie priv\u00e9e"},"content":{"rendered":"\t\t<div data-elementor-type=\"wp-page\" data-elementor-id=\"3199\" class=\"elementor elementor-3199 elementor-1006\" data-elementor-post-type=\"page\">\n\t\t\t\t\t\t<section class=\"elementor-section elementor-top-section elementor-element elementor-element-ee36ead elementor-section-boxed elementor-section-height-default elementor-section-height-default\" data-id=\"ee36ead\" data-element_type=\"section\" data-e-type=\"section\" data-settings=\"{&quot;background_background&quot;:&quot;classic&quot;}\">\n\t\t\t\t\t\t<div class=\"elementor-container elementor-column-gap-default\">\n\t\t\t\t\t<div class=\"elementor-column elementor-col-100 elementor-top-column elementor-element elementor-element-b318160\" data-id=\"b318160\" data-element_type=\"column\" data-e-type=\"column\">\n\t\t\t<div class=\"elementor-widget-wrap elementor-element-populated\">\n\t\t\t\t\t\t<div class=\"elementor-element elementor-element-356c0f9 elementor-widget elementor-widget-heading\" data-id=\"356c0f9\" data-element_type=\"widget\" data-e-type=\"widget\" data-widget_type=\"heading.default\">\n\t\t\t\t<div class=\"elementor-widget-container\">\n\t\t\t\t\t<h1 class=\"elementor-heading-title elementor-size-default\">Politique de vie priv\u00e9e<\/h1>\t\t\t\t<\/div>\n\t\t\t\t<\/div>\n\t\t\t\t\t<\/div>\n\t\t<\/div>\n\t\t\t\t\t<\/div>\n\t\t<\/section>\n\t\t\t\t<section class=\"elementor-section elementor-top-section elementor-element elementor-element-4de5d98 elementor-section-boxed elementor-section-height-default elementor-section-height-default\" data-id=\"4de5d98\" data-element_type=\"section\" data-e-type=\"section\">\n\t\t\t\t\t\t<div class=\"elementor-container elementor-column-gap-default\">\n\t\t\t\t\t<div class=\"elementor-column elementor-col-100 elementor-top-column elementor-element elementor-element-4e309c9\" data-id=\"4e309c9\" data-element_type=\"column\" data-e-type=\"column\">\n\t\t\t<div class=\"elementor-widget-wrap elementor-element-populated\">\n\t\t\t\t\t\t<div class=\"elementor-element elementor-element-ba7cfd6 elementor-widget__width-initial elementor-widget elementor-widget-text-editor\" data-id=\"ba7cfd6\" data-element_type=\"widget\" data-e-type=\"widget\" data-widget_type=\"text-editor.default\">\n\t\t\t\t<div class=\"elementor-widget-container\">\n\t\t\t\t\t\t\t\t\t<h2>Introduction<\/h2>\n<p><b>Devant le d\u00e9veloppement des nouveaux outils de communication, il est n\u00e9cessaire de porter une attention particuli\u00e8re \u00e0 la protection de la vie priv\u00e9e. C\u2019est pourquoi, nous nous engageons \u00e0 respecter la confidentialit\u00e9 des renseignements personnels que nous collectons sur l\u2019ensemble du site internet de Nour Transport.<\/b><\/p>\n<h2><b>Collecte des renseignements personnels<\/b><\/h2>\n<p><span style=\"font-weight: 400;\">Nous pouvons collecter certains ou tous les renseignements suivants :<\/span><\/p>\n<ul>\n<li style=\"font-weight: 400;\" aria-level=\"1\"><span style=\"font-weight: 400;\">Nom<\/span><\/li>\n<li style=\"font-weight: 400;\" aria-level=\"1\"><span style=\"font-weight: 400;\">Pr\u00e9nom<\/span><\/li>\n<li style=\"font-weight: 400;\" aria-level=\"1\"><span style=\"font-weight: 400;\">Adresse postale<\/span><\/li>\n<li style=\"font-weight: 400;\" aria-level=\"1\"><span style=\"font-weight: 400;\">Code postal<\/span><\/li>\n<li style=\"font-weight: 400;\" aria-level=\"1\"><span style=\"font-weight: 400;\">Adresse \u00e9lectronique<\/span><\/li>\n<li style=\"font-weight: 400;\" aria-level=\"1\"><span style=\"font-weight: 400;\">Num\u00e9ro de t\u00e9l\u00e9phone \/ t\u00e9l\u00e9copieur<\/span><\/li>\n<li style=\"font-weight: 400;\" aria-level=\"1\"><span style=\"font-weight: 400;\">Num\u00e9ro de carte de cr\u00e9dit<\/span><\/li>\n<li style=\"font-weight: 400;\" aria-level=\"1\"><span style=\"font-weight: 400;\">Genre \/ sexe<\/span><\/li>\n<li style=\"font-weight: 400;\" aria-level=\"1\"><span style=\"font-weight: 400;\">\u00c2ge \/ Date de naissance<\/span><\/li>\n<\/ul>\n<p><span style=\"font-weight: 400;\">Les informations personnelles sont collect\u00e9es par le biais de formulaires et gr\u00e2ce \u00e0 l&rsquo;interactivit\u00e9 qui s&rsquo;\u00e9tablit entre vous et notre site web. Nous utilisons \u00e9galement, comme indiqu\u00e9 dans les sections suivantes, des cookies, des fichiers journaux et des pixels invisibles pour regrouper les informations vous concernant.<\/span><\/p>\n<h2><b>Formulaires et interactivit\u00e9<\/b><\/h2>\n<p><span style=\"font-weight: 400;\">Les renseignements personnels que nous collectons sont recueillis au travers de formulaires et gr\u00e2ce \u00e0 l\u2019interactivit\u00e9 \u00e9tablie entre vous et notre site Web. Nous utilisons \u00e9galement, comme indiqu\u00e9 dans la section suivante, des fichiers t\u00e9moins, des fichiers journaux et\/ou des pixels invisibles pour r\u00e9unir des informations vous concernant.<\/span><\/p>\n<ul>\n<li style=\"font-weight: 400;\" aria-level=\"1\"><span style=\"font-weight: 400;\">Formulaires, dont le formulaire de commande<\/span><\/li>\n<li style=\"font-weight: 400;\" aria-level=\"1\"><span style=\"font-weight: 400;\">Sondage d&rsquo;opinion<\/span><\/li>\n<li style=\"font-weight: 400;\" aria-level=\"1\"><span style=\"font-weight: 400;\">Concours<\/span><\/li>\n<\/ul>\n<p><span style=\"font-weight: 400;\">Nous pouvons utiliser les renseignements ainsi collect\u00e9s pour les finalit\u00e9s suivantes :<\/span><\/p>\n<ul>\n<li style=\"font-weight: 400;\" aria-level=\"1\"><span style=\"font-weight: 400;\">Suivi de la commande<\/span><\/li>\n<li style=\"font-weight: 400;\" aria-level=\"1\"><span style=\"font-weight: 400;\">Vous fournir de l\u2019information \/ Offres promotionnelles<\/span><\/li>\n<li style=\"font-weight: 400;\" aria-level=\"1\"><span style=\"font-weight: 400;\">Statistiques<\/span><\/li>\n<li style=\"font-weight: 400;\" aria-level=\"1\"><span style=\"font-weight: 400;\">Contact<\/span><\/li>\n<li style=\"font-weight: 400;\" aria-level=\"1\"><span style=\"font-weight: 400;\">Gestion du site web (pr\u00e9sentation, organisation)<\/span><\/li>\n<\/ul>\n<p><span style=\"font-weight: 400;\">Vos renseignements peuvent \u00e9galement \u00eatre collect\u00e9s par le biais de l\u2019interactivit\u00e9 pouvant s\u2019\u00e9tablir entre vous et notre site Web et ce, de la fa\u00e7on suivante :<\/span><\/p>\n<ul>\n<li style=\"font-weight: 400;\" aria-level=\"1\"><span style=\"font-weight: 400;\">Statistiques<\/span><\/li>\n<li style=\"font-weight: 400;\" aria-level=\"1\"><span style=\"font-weight: 400;\">Contact<\/span><\/li>\n<li style=\"font-weight: 400;\" aria-level=\"1\"><span style=\"font-weight: 400;\">Gestion du site web (pr\u00e9sentation, organisation)<\/span><\/li>\n<\/ul>\n<p><span style=\"font-weight: 400;\">Nous pouvons utiliser les renseignements ainsi collect\u00e9s pour les finalit\u00e9s suivantes :<\/span><\/p>\n<ul>\n<li style=\"font-weight: 400;\" aria-level=\"1\"><span style=\"font-weight: 400;\">Correspondance<\/span><\/li>\n<li style=\"font-weight: 400;\" aria-level=\"1\"><span style=\"font-weight: 400;\">Vous fournir de l\u2019information \/ Offres promotionnelles<\/span><\/li>\n<\/ul>\n<h2><b>Fichiers journaux, fichiers t\u00e9moins et pixels invisibles<\/b><\/h2>\n<p><span style=\"font-weight: 400;\">Nous recueillons certaines informations par le biais de fichiers journaux (log files) et de fichiers t\u00e9moins (cookies). Nous pouvons aussi utiliser des pixels invisibles (web beacons) dans notre site web et dans nos courriels. Il s\u2019agit principalement des informations suivantes :<\/span><\/p>\n<ul>\n<li style=\"font-weight: 400;\" aria-level=\"1\"><span style=\"font-weight: 400;\">Adresse IP<\/span><\/li>\n<li style=\"font-weight: 400;\" aria-level=\"1\"><span style=\"font-weight: 400;\">Syst\u00e8me d\u2019exploitation, type de fureteur et\/ou de client courriel<\/span><\/li>\n<li style=\"font-weight: 400;\" aria-level=\"1\"><span style=\"font-weight: 400;\">Pages visit\u00e9es et requ\u00eates<\/span><\/li>\n<li style=\"font-weight: 400;\" aria-level=\"1\"><span style=\"font-weight: 400;\">Heure et jour de connexion et\/ou d\u2019ouverture de courriels<\/span><\/li>\n<\/ul>\n<p><span style=\"font-weight: 400;\">Le recours \u00e0 de tels fichiers peuvent nous permettre de r\u00e9aliser :<\/span><\/p>\n<ul>\n<li style=\"font-weight: 400;\" aria-level=\"1\"><span style=\"font-weight: 400;\">Am\u00e9lioration du service et personnaliser les publicit\u00e9s<\/span><\/li>\n<li style=\"font-weight: 400;\" aria-level=\"1\"><span style=\"font-weight: 400;\">Suivi de commande<\/span><\/li>\n<li style=\"font-weight: 400;\" aria-level=\"1\"><span style=\"font-weight: 400;\">Statistiques<\/span><\/li>\n<\/ul>\n<h2><b>Partage des renseignements personnels<\/b><\/h2>\n<p><span style=\"font-weight: 400;\">Nous pourrions partager les renseignements personnels collect\u00e9s avec des tiers pour les raisons suivantes :<\/span><\/p>\n<ul>\n<li style=\"font-weight: 400;\" aria-level=\"1\"><span style=\"font-weight: 400;\">Profil de consommation<\/span><\/li>\n<li style=\"font-weight: 400;\" aria-level=\"1\"><span style=\"font-weight: 400;\">Ex\u00e9cution de la commande<\/span><\/li>\n<li style=\"font-weight: 400;\" aria-level=\"1\"><span style=\"font-weight: 400;\">Publicit\u00e9<\/span><\/li>\n<\/ul>\n<p><span style=\"font-weight: 400;\">Si vous ne souhaitez pas que vos renseignements personnels soient communiqu\u00e9s \u00e0 des tiers, il vous est possible de vous y opposer au moment de la collecte ou \u00e0 tout moment par la suite, comme mentionn\u00e9 dans les sections suivantes.<\/span><\/p>\n<h2><b>Choix pour les fichiers t\u00e9moins (cookies)<\/b><\/h2>\n<p><span style=\"font-weight: 400;\">Tel qu\u2019expliqu\u00e9 pr\u00e9c\u00e9demment, plusieurs types de fichiers t\u00e9moins, avec des finalit\u00e9s diff\u00e9rentes, sont utilis\u00e9s sur notre site. Certains sont n\u00e9cessaires pour pouvoir utiliser nos services. Vous pouvez :<\/span><\/p>\n<ol>\n<li><span style=\"font-weight: 400;\"> Supprimer et g\u00e9rer les fichiers t\u00e9moins de votre navigateur, afin d\u2019\u00e9liminer les fichiers t\u00e9moins d\u00e9j\u00e0 d\u00e9pos\u00e9s et\/ou le configurer pour qu\u2019il refuse le d\u00e9p\u00f4t de nouveaux fichiers t\u00e9moins. Vous pouvez aussi configurer votre navigateur pour que celui-ci informe les sites web que vous consultez que vous ne souhaitez pas \u00eatre suivis par ces derniers. <\/span><\/li>\n<li><span style=\"font-weight: 400;\"> Utiliser d\u2019autres outils d\u00e9velopp\u00e9s par des tiers pour d\u00e9sactiver certains fichiers t\u00e9moins.<\/span><\/li>\n<\/ol>\n<p><b>Option 1 : Supprimer et g\u00e9rer les fichiers t\u00e9moins (cookies) de votre navigateur <\/b><\/p>\n<p><span style=\"font-weight: 400;\">Pour Internet Explorer\u00ae :<\/span> <a href=\"https:\/\/support.microsoft.com\/en-us\/help\/17442\/windows-internet-explorer-delete-manage-cooki%20es\"><span style=\"font-weight: 400;\">https:\/\/support.microsoft.com\/fr-ca\/help\/17442\/windows-internet-explorer-delete-manage-cookies<\/span><\/a><\/p>\n<p><span style=\"font-weight: 400;\">Pour Safari\u00ae :<\/span> <a href=\"https:\/\/www.apple.com\/legal\/privacy\/en-ww\/cookies\/\"><span style=\"font-weight: 400;\">https:\/\/www.apple.com\/legal\/privacy\/fr-ww\/cookies\/<\/span><\/a><\/p>\n<p><span style=\"font-weight: 400;\">Pour Google Chrome\u00ae :<\/span> <a href=\"https:\/\/support.google.com\/chrome\/answer\/95647?hl=en&amp;hlrm=en\"><span style=\"font-weight: 400;\">https:\/\/support.google.com\/chrome\/answer\/95647?hl=fr&amp;hlrm=en<\/span><\/a><\/p>\n<p><span style=\"font-weight: 400;\">Pour Mozilla Firefox\u00ae :<\/span> <a href=\"https:\/\/support.mozilla.org\/en-US\/kb\/cookies-information-websites-store-on-your-computer\"><span style=\"font-weight: 400;\">https:\/\/support.mozilla.org\/fr\/kb\/cookies-information-sites-enregistrent<\/span><\/a><\/p>\n<p><span style=\"font-weight: 400;\">Pour Opera\u00ae :<\/span> <a href=\"http:\/\/help.opera.com\/Windows\/10.20\/en\/cookies.html\"><span style=\"font-weight: 400;\">http:\/\/help.opera.com\/Windows\/10.20\/fr\/cookies.html<\/span><\/a><\/p>\n<p><b>Option 2 : Utiliser les outils d\u00e9velopp\u00e9s par des tiers <\/b><\/p>\n<p><span style=\"font-weight: 400;\">Pour les fichiers t\u00e9moins de mesure d&rsquo;audience Google\u00ae Analytics<\/span><span style=\"font-weight: 400;\">: <\/span><a href=\"https:\/\/tools.google.com\/dlpage\/gaoptout?hl=en\"><span style=\"font-weight: 400;\">https:\/\/tools.google.com\/dlpage\/gaoptout?hl=fr<\/span><\/a><\/p>\n<p><span style=\"font-weight: 400;\">Pour les annonces de reciblage (remarketing) de Google :<\/span> <a href=\"https:\/\/support.google.com\/ads\/answer\/7395996?hl=en\"><span style=\"font-weight: 400;\">https:\/\/support.google.com\/ads\/answer\/7395996?hl=fr<\/span><\/a><\/p>\n<p><span style=\"font-weight: 400;\">Pour les annonces Facebook<\/span><span style=\"font-weight: 400;\">: <\/span><a href=\"https:\/\/www.facebook.com\/policies\/cookies\/\"><span style=\"font-weight: 400;\">https:\/\/fr-ca.facebook.com\/policies\/cookies\/<\/span><\/a><\/p>\n<h2><b>Listes d&rsquo;envoi, infolettres et publicit\u00e9s envoy\u00e9es par courriel<\/b><\/h2>\n<p><span style=\"font-weight: 400;\">Vous pouvez choisir de vous abonner \u00e0 l\u2019une de nos listes d\u2019envoi. Dans ce cas, nous pourrions vous envoyer des infolettres et des publicit\u00e9s par courriel. Vous pouvez, \u00e0 tout moment, d\u00e9cider de modifier les informations qui sont sauvegard\u00e9es \u00e0 votre sujet ou de vous d\u00e9sabonner de ces listes d\u2019envoi. Vous pouvez aussi communiquer avec nous pour nous demander de supprimer votre information et\/ou pour l\u2019exporter et vous l\u2019envoyer.<\/span><\/p>\n<h2><b>Droit d&rsquo;opposition et de retrait<\/b><\/h2>\n<p><span style=\"font-weight: 400;\">Nous nous engageons \u00e0 vous offrir un droit d\u2019opposition et de retrait quant \u00e0 vos renseignements personnels.<\/span><\/p>\n<p><span style=\"font-weight: 400;\">Le droit d\u2019opposition s\u2019entend comme \u00e9tant la possibilit\u00e9 offerte aux internautes de refuser que leurs renseignements personnels soient utilis\u00e9es \u00e0 certaines fins mentionn\u00e9es lors de la collecte.<\/span><\/p>\n<p><span style=\"font-weight: 400;\">Le droit de retrait s\u2019entend comme \u00e9tant la possibilit\u00e9 offerte aux internautes de demander \u00e0 ce que leurs renseignements personnels ne figurent plus, par exemple, dans une liste de diffusion.<\/span><\/p>\n<p><span style=\"font-weight: 400;\">Pour pouvoir exercer ces droits, vous pouvez suivre les proc\u00e9dures d\u00e9crites ci-dessus. Si vous avez des questions, vous pouvez communiquer avec nous :<\/span><\/p>\n<p><span style=\"font-weight: 400;\">Adresse :<\/span><span style=\"font-weight: 400;\">1945, 55e Avenue, Dorval, QC H9P 1G9<\/span><span style=\"font-weight: 400;\"><br><\/span><span style=\"font-weight: 400;\">\u00c9crivez \u00e0 Mohamed ElKhouly \u00e0 l&rsquo;adresse : <\/span><a href=\"mailto:admin@nourtransport.com\"><span style=\"font-weight: 400;\">Privacy@nourtransport.com<\/span> <span style=\"font-weight: 400;\"><br><\/span><\/a><span style=\"font-weight: 400;\">T\u00e9l\u00e9phone : <\/span><span style=\"font-weight: 400;\">(514) 708-5955<\/span><span style=\"font-weight: 400;\"><br><\/span><span style=\"font-weight: 400;\">Site Web : <\/span><i><span style=\"font-weight: 400;\">https:\/\/nourtransport.com\/<\/span><\/i><\/p>\n<h2><b>Droit d&rsquo;acc\u00e8s, de rectification et de portabilit\u00e9<\/b><\/h2>\n<p><span style=\"font-weight: 400;\">Nous nous engageons \u00e0 reconna\u00eetre un droit d\u2019acc\u00e8s, de rectification et de portabilit\u00e9 aux personnes concern\u00e9es d\u00e9sireuses de consulter, modifier ou recevoir les informations les concernant.<\/span><\/p>\n<p><span style=\"font-weight: 400;\">Pour pouvoir exercer ces droits, vous pouvez suivre les proc\u00e9dures d\u00e9crites ci-dessus. Si vous avez des questions, vous pouvez communiquer avec nous :<\/span><\/p>\n<p><span style=\"font-weight: 400;\">Adresse :<\/span><span style=\"font-weight: 400;\">1945, 55e Avenue, Dorval, QC H9P 1G9<\/span><span style=\"font-weight: 400;\"><br><\/span><span style=\"font-weight: 400;\">Envoyez une courriel \u00e0&nbsp;<\/span><span style=\"background-color: var(--ast-global-color-4);\">Mohamed ElKhouly \u00e0 l&rsquo;adresse <\/span><span style=\"font-style: inherit; background-color: var(--ast-global-color-4); color: var(--ast-global-color-3);\">:&nbsp;<\/span><a href=\"mailto:admin@nourtransport.com\" style=\"background-color: rgb(245, 245, 245); color: rgb(255, 0, 17); transition-property: all;\">Privacy@nourtransport.com<\/a><br><span style=\"font-style: inherit; background-color: var(--ast-global-color-4); color: var(--ast-global-color-3);\">T\u00e9l\u00e9phone : <\/span><span style=\"font-style: inherit; background-color: var(--ast-global-color-4); color: var(--ast-global-color-3);\">(514) 850-5955<br><\/span><span style=\"font-weight: 400;\">Site Web : <\/span><i><span style=\"font-weight: 400;\">https:\/\/nourtransport.com\/<\/span><\/i><\/p>\n<p><b>S\u00e9curit\u00e9<\/b><\/p>\n<p><span style=\"font-weight: 400;\">Les renseignements personnels que nous collectons sont conserv\u00e9s dans un environnement s\u00e9curis\u00e9. Les personnes travaillant pour nous sont tenues de respecter la confidentialit\u00e9 de vos informations.<\/span><\/p>\n<p><span style=\"font-weight: 400;\">Pour assurer la s\u00e9curit\u00e9 de vos renseignements personnels, nous avons recours aux mesures suivantes :<\/span><\/p>\n<ul>\n<li style=\"font-weight: 400;\" aria-level=\"1\"><span style=\"font-weight: 400;\">Protocole SSL (Secure Sockets Layer)<\/span><\/li>\n<li style=\"font-weight: 400;\" aria-level=\"1\"><span style=\"font-weight: 400;\">Logiciel de surveillance du r\u00e9seau<\/span><\/li>\n<li style=\"font-weight: 400;\" aria-level=\"1\"><span style=\"font-weight: 400;\">Sauvegarde informatique<\/span><\/li>\n<li style=\"font-weight: 400;\" aria-level=\"1\"><span style=\"font-weight: 400;\">Identifiant \/ mot de passe<\/span><\/li>\n<li style=\"font-weight: 400;\" aria-level=\"1\"><span style=\"font-weight: 400;\">Pare-feu (Firewalls)<\/span><\/li>\n<\/ul>\n<p><span style=\"font-weight: 400;\">Nous nous engageons \u00e0 maintenir un haut degr\u00e9 de confidentialit\u00e9 en int\u00e9grant les derni\u00e8res innovations technologiques permettant d\u2019assurer la confidentialit\u00e9 de vos transactions.<\/span><\/p>\n<p><span style=\"font-weight: 400;\">Toutefois, comme aucun m\u00e9canisme n\u2019offre une s\u00e9curit\u00e9 compl\u00e8te, une part de risque est toujours pr\u00e9sente lorsque l\u2019on utilise Internet pour transmettre des renseignements personnels.<\/span><\/p>\t\t\t\t\t\t\t\t<\/div>\n\t\t\t\t<\/div>\n\t\t\t\t<div class=\"elementor-element elementor-element-ef332af elementor-align-center elementor-widget elementor-widget-button\" data-id=\"ef332af\" data-element_type=\"widget\" data-e-type=\"widget\" data-widget_type=\"button.default\">\n\t\t\t\t<div class=\"elementor-widget-container\">\n\t\t\t\t\t\t\t\t\t<div class=\"elementor-button-wrapper\">\n\t\t\t\t\t<a class=\"elementor-button elementor-button-link elementor-size-sm\" href=\"#quote\">\n\t\t\t\t\t\t<span class=\"elementor-button-content-wrapper\">\n\t\t\t\t\t\t\t\t\t<span class=\"elementor-button-text\">Obtenez une soumission<\/span>\n\t\t\t\t\t<\/span>\n\t\t\t\t\t<\/a>\n\t\t\t\t<\/div>\n\t\t\t\t\t\t\t\t<\/div>\n\t\t\t\t<\/div>\n\t\t\t\t\t<\/div>\n\t\t<\/div>\n\t\t\t\t\t<\/div>\n\t\t<\/section>\n\t\t\t\t<\/div>\n\t\t","protected":false},"excerpt":{"rendered":"<p>Politique de vie priv\u00e9e Introduction Devant le d\u00e9veloppement des nouveaux outils de communication, il est n\u00e9cessaire de porter une attention particuli\u00e8re \u00e0 la protection de la vie priv\u00e9e. C\u2019est pourquoi, nous nous engageons \u00e0 respecter la confidentialit\u00e9 des renseignements personnels que nous collectons sur l\u2019ensemble du site internet de Nour Transport. Collecte des renseignements personnels [&hellip;]<\/p>\n","protected":false},"author":4,"featured_media":0,"parent":0,"menu_order":0,"comment_status":"closed","ping_status":"closed","template":"","meta":{"site-sidebar-layout":"no-sidebar","site-content-layout":"page-builder","ast-site-content-layout":"","site-content-style":"default","site-sidebar-style":"default","ast-global-header-display":"","ast-banner-title-visibility":"","ast-main-header-display":"","ast-hfb-above-header-display":"","ast-hfb-below-header-display":"","ast-hfb-mobile-header-display":"","site-post-title":"disabled","ast-breadcrumbs-content":"","ast-featured-img":"disabled","footer-sml-layout":"","theme-transparent-header-meta":"enabled","adv-header-id-meta":"","stick-header-meta":"","header-above-stick-meta":"","header-main-stick-meta":"","header-below-stick-meta":"","astra-migrate-meta-layouts":"default","ast-page-background-enabled":"default","ast-page-background-meta":{"desktop":{"background-color":"","background-image":"","background-repeat":"repeat","background-position":"center center","background-size":"auto","background-attachment":"scroll","background-type":"","background-media":"","overlay-type":"","overlay-color":"","overlay-opacity":"","overlay-gradient":""},"tablet":{"background-color":"","background-image":"","background-repeat":"repeat","background-position":"center center","background-size":"auto","background-attachment":"scroll","background-type":"","background-media":"","overlay-type":"","overlay-color":"","overlay-opacity":"","overlay-gradient":""},"mobile":{"background-color":"","background-image":"","background-repeat":"repeat","background-position":"center center","background-size":"auto","background-attachment":"scroll","background-type":"","background-media":"","overlay-type":"","overlay-color":"","overlay-opacity":"","overlay-gradient":""}},"ast-content-background-meta":{"desktop":{"background-color":"var(--ast-global-color-5)","background-image":"","background-repeat":"repeat","background-position":"center center","background-size":"auto","background-attachment":"scroll","background-type":"","background-media":"","overlay-type":"","overlay-color":"","overlay-opacity":"","overlay-gradient":""},"tablet":{"background-color":"var(--ast-global-color-5)","background-image":"","background-repeat":"repeat","background-position":"center center","background-size":"auto","background-attachment":"scroll","background-type":"","background-media":"","overlay-type":"","overlay-color":"","overlay-opacity":"","overlay-gradient":""},"mobile":{"background-color":"var(--ast-global-color-5)","background-image":"","background-repeat":"repeat","background-position":"center center","background-size":"auto","background-attachment":"scroll","background-type":"","background-media":"","overlay-type":"","overlay-color":"","overlay-opacity":"","overlay-gradient":""}},"footnotes":""},"class_list":["post-3199","page","type-page","status-publish","hentry"],"_links":{"self":[{"href":"https:\/\/nourtransport.com\/fr\/wp-json\/wp\/v2\/pages\/3199","targetHints":{"allow":["GET"]}}],"collection":[{"href":"https:\/\/nourtransport.com\/fr\/wp-json\/wp\/v2\/pages"}],"about":[{"href":"https:\/\/nourtransport.com\/fr\/wp-json\/wp\/v2\/types\/page"}],"author":[{"embeddable":true,"href":"https:\/\/nourtransport.com\/fr\/wp-json\/wp\/v2\/users\/4"}],"replies":[{"embeddable":true,"href":"https:\/\/nourtransport.com\/fr\/wp-json\/wp\/v2\/comments?post=3199"}],"version-history":[{"count":0,"href":"https:\/\/nourtransport.com\/fr\/wp-json\/wp\/v2\/pages\/3199\/revisions"}],"wp:attachment":[{"href":"https:\/\/nourtransport.com\/fr\/wp-json\/wp\/v2\/media?parent=3199"}],"curies":[{"name":"wp","href":"https:\/\/api.w.org\/{rel}","templated":true}]}}