{"id":3144,"date":"2023-03-09T12:46:43","date_gmt":"2023-03-09T17:46:43","guid":{"rendered":"https:\/\/nourtransport.com\/transport-frigorifique-ftl-interprovincial\/"},"modified":"2024-12-19T19:38:13","modified_gmt":"2024-12-20T00:38:13","slug":"service-de-transport-refrigere-quebec-ontario","status":"publish","type":"page","link":"https:\/\/nourtransport.com\/fr\/service-de-transport-refrigere-quebec-ontario\/","title":{"rendered":"Service de transport r\u00e9frig\u00e9r\u00e9 Qu\u00e9bec-Ontario"},"content":{"rendered":"\t\t<div data-elementor-type=\"wp-page\" data-elementor-id=\"3144\" class=\"elementor elementor-3144 elementor-2804\" data-elementor-post-type=\"page\">\n\t\t\t\t\t\t<section class=\"elementor-section elementor-top-section elementor-element elementor-element-ba98f6a elementor-section-boxed elementor-section-height-default elementor-section-height-default\" data-id=\"ba98f6a\" data-element_type=\"section\" data-e-type=\"section\" data-settings=\"{&quot;background_background&quot;:&quot;classic&quot;}\">\n\t\t\t\t\t\t\t<div class=\"elementor-background-overlay\"><\/div>\n\t\t\t\t\t\t\t<div class=\"elementor-container elementor-column-gap-default\">\n\t\t\t\t\t<div class=\"elementor-column elementor-col-100 elementor-top-column elementor-element elementor-element-663444d\" data-id=\"663444d\" data-element_type=\"column\" data-e-type=\"column\">\n\t\t\t<div class=\"elementor-widget-wrap elementor-element-populated\">\n\t\t\t\t\t\t<div class=\"elementor-element elementor-element-198fd84 elementor-widget elementor-widget-heading\" data-id=\"198fd84\" data-element_type=\"widget\" data-e-type=\"widget\" data-widget_type=\"heading.default\">\n\t\t\t\t<div class=\"elementor-widget-container\">\n\t\t\t\t\t<h1 class=\"elementor-heading-title elementor-size-default\">Service de transport r\u00e9frig\u00e9r\u00e9 Qu\u00e9bec-Ontario<\/h1>\t\t\t\t<\/div>\n\t\t\t\t<\/div>\n\t\t\t\t<div class=\"elementor-element elementor-element-b99b108 elementor-align-center elementor-widget elementor-widget-button\" data-id=\"b99b108\" data-element_type=\"widget\" data-e-type=\"widget\" data-widget_type=\"button.default\">\n\t\t\t\t<div class=\"elementor-widget-container\">\n\t\t\t\t\t\t\t\t\t<div class=\"elementor-button-wrapper\">\n\t\t\t\t\t<a class=\"elementor-button elementor-button-link elementor-size-sm\" href=\"#quote\">\n\t\t\t\t\t\t<span class=\"elementor-button-content-wrapper\">\n\t\t\t\t\t\t\t\t\t<span class=\"elementor-button-text\">Obtenez une soumission<\/span>\n\t\t\t\t\t<\/span>\n\t\t\t\t\t<\/a>\n\t\t\t\t<\/div>\n\t\t\t\t\t\t\t\t<\/div>\n\t\t\t\t<\/div>\n\t\t\t\t\t<\/div>\n\t\t<\/div>\n\t\t\t\t\t<\/div>\n\t\t<\/section>\n\t\t\t\t<section class=\"elementor-section elementor-top-section elementor-element elementor-element-bd7e03f elementor-reverse-tablet elementor-section-boxed elementor-section-height-default elementor-section-height-default\" data-id=\"bd7e03f\" data-element_type=\"section\" data-e-type=\"section\">\n\t\t\t\t\t\t<div class=\"elementor-container elementor-column-gap-default\">\n\t\t\t\t\t<div class=\"elementor-column elementor-col-50 elementor-top-column elementor-element elementor-element-e60b850 elementor-invisible\" data-id=\"e60b850\" data-element_type=\"column\" data-e-type=\"column\" data-settings=\"{&quot;animation&quot;:&quot;slideInLeft&quot;,&quot;background_background&quot;:&quot;classic&quot;}\">\n\t\t\t<div class=\"elementor-widget-wrap\">\n\t\t\t\t\t\t\t<\/div>\n\t\t<\/div>\n\t\t\t\t<div class=\"elementor-column elementor-col-50 elementor-top-column elementor-element elementor-element-8c8b124 elementor-invisible\" data-id=\"8c8b124\" data-element_type=\"column\" data-e-type=\"column\" data-settings=\"{&quot;animation&quot;:&quot;slideInRight&quot;}\">\n\t\t\t<div class=\"elementor-widget-wrap elementor-element-populated\">\n\t\t\t\t\t\t<div class=\"elementor-element elementor-element-9b574b5 elementor-widget elementor-widget-heading\" data-id=\"9b574b5\" data-element_type=\"widget\" data-e-type=\"widget\" data-widget_type=\"heading.default\">\n\t\t\t\t<div class=\"elementor-widget-container\">\n\t\t\t\t\t<h2 class=\"elementor-heading-title elementor-size-default\">Service de transport r\u00e9frig\u00e9r\u00e9 Qu\u00e9bec-Ontario<\/h2>\t\t\t\t<\/div>\n\t\t\t\t<\/div>\n\t\t\t\t<div class=\"elementor-element elementor-element-5732648 elementor-widget-divider--view-line elementor-widget elementor-widget-divider\" data-id=\"5732648\" data-element_type=\"widget\" data-e-type=\"widget\" data-widget_type=\"divider.default\">\n\t\t\t\t<div class=\"elementor-widget-container\">\n\t\t\t\t\t\t\t<div class=\"elementor-divider\">\n\t\t\t<span class=\"elementor-divider-separator\">\n\t\t\t\t\t\t<\/span>\n\t\t<\/div>\n\t\t\t\t\t\t<\/div>\n\t\t\t\t<\/div>\n\t\t\t\t<div class=\"elementor-element elementor-element-39cb4f9 elementor-align-left elementor-widget elementor-widget-button\" data-id=\"39cb4f9\" data-element_type=\"widget\" data-e-type=\"widget\" data-widget_type=\"button.default\">\n\t\t\t\t<div class=\"elementor-widget-container\">\n\t\t\t\t\t\t\t\t\t<div class=\"elementor-button-wrapper\">\n\t\t\t\t\t<a class=\"elementor-button elementor-button-link elementor-size-sm\" href=\"#quote\">\n\t\t\t\t\t\t<span class=\"elementor-button-content-wrapper\">\n\t\t\t\t\t\t\t\t\t<span class=\"elementor-button-text\">Obtenez une soumission<\/span>\n\t\t\t\t\t<\/span>\n\t\t\t\t\t<\/a>\n\t\t\t\t<\/div>\n\t\t\t\t\t\t\t\t<\/div>\n\t\t\t\t<\/div>\n\t\t\t\t<div class=\"elementor-element elementor-element-30b80df elementor-widget elementor-widget-text-editor\" data-id=\"30b80df\" data-element_type=\"widget\" data-e-type=\"widget\" data-widget_type=\"text-editor.default\">\n\t\t\t\t<div class=\"elementor-widget-container\">\n\t\t\t\t\t\t\t\t\t<p>Chez Nour Transport, nous offrons un service de transport r\u00e9frig\u00e9r\u00e9 Qu\u00e9bec-Ontario FTL (Full Truckload) fiable qui couvre les provinces du Qu\u00e9bec et de l\u2019Ontario, ainsi que les provinces maritimes. Nous offrons ce service depuis plus de 20 ans, vous pouvez donc \u00eatre rassur\u00e9 en sachant qu&rsquo;avec nous, vos produits sont transport\u00e9s par une \u00e9quipe de professionnels exp\u00e9riment\u00e9s.<\/p><p>Nour Transport offre des services de transport r\u00e9frig\u00e9r\u00e9 sp\u00e9cialis\u00e9 pour les produits alimentaires ou tout autre produit sensible \u00e0 la temp\u00e9rature. Nos remorques sont \u00e9quip\u00e9es d&rsquo;un syst\u00e8me de contr\u00f4le de la temp\u00e9rature qui v\u00e9rifie constamment les temp\u00e9ratures pendant le transport afin de garantir que vos produits arrivent toujours frais \u00e0 destination. Nous comprenons que les entreprises ont souvent besoin de services de transport pour des charges plus lourdes et c&rsquo;est pourquoi nous proposons des remorques \u00e0 trois essieux dont la capacit\u00e9 de charge est sup\u00e9rieure. Cela nous permet de satisfaire les besoins de nos clients et d&rsquo;exp\u00e9dier leurs charges les plus lourdes.<\/p>\t\t\t\t\t\t\t\t<\/div>\n\t\t\t\t<\/div>\n\t\t\t\t\t<\/div>\n\t\t<\/div>\n\t\t\t\t\t<\/div>\n\t\t<\/section>\n\t\t\t\t<section class=\"elementor-section elementor-top-section elementor-element elementor-element-5792c4c elementor-reverse-tablet elementor-section-boxed elementor-section-height-default elementor-section-height-default\" data-id=\"5792c4c\" data-element_type=\"section\" data-e-type=\"section\">\n\t\t\t\t\t\t<div class=\"elementor-container elementor-column-gap-default\">\n\t\t\t\t\t<div class=\"elementor-column elementor-col-50 elementor-top-column elementor-element elementor-element-8fde524 elementor-invisible\" data-id=\"8fde524\" data-element_type=\"column\" data-e-type=\"column\" data-settings=\"{&quot;animation&quot;:&quot;slideInLeft&quot;}\">\n\t\t\t<div class=\"elementor-widget-wrap elementor-element-populated\">\n\t\t\t\t\t\t<div class=\"elementor-element elementor-element-aeaa6fd elementor-widget elementor-widget-text-editor\" data-id=\"aeaa6fd\" data-element_type=\"widget\" data-e-type=\"widget\" data-widget_type=\"text-editor.default\">\n\t\t\t\t<div class=\"elementor-widget-container\">\n\t\t\t\t\t\t\t\t\tEn ce qui concerne les exp\u00e9ditions FTL (Full Truckload), nos camions sont \u00e9quip\u00e9s d&rsquo;un large \u00e9ventail de dispositifs de s\u00e9curit\u00e9, dont le suivi GPS et des syst\u00e8mes de t\u00e9l\u00e9matique avanc\u00e9s. Ainsi, toutes les exp\u00e9ditions sont suivies en temps r\u00e9el et peuvent \u00eatre livr\u00e9es dans les d\u00e9lais pr\u00e9vus. De plus, tous nos \u00e9quipements sont bien entretenus et font l&rsquo;objet d&rsquo;un cycle de remplacement de 4 ans, ce qui permet \u00e0 nos camions de rester sur la route pour effectuer vos livraisons en toute s\u00e9curit\u00e9 et dans les d\u00e9lais. De plus, nos chauffeurs ont une grande exp\u00e9rience et connaissent bien les itin\u00e9raires qu&rsquo;ils empruntent chaque jour, ce qui permet de r\u00e9duire les retards et de livrer les marchandises \u00e0 temps.<br><br>\nChez Nour Transport, nous nous effor\u00e7ons de faire en sorte que chaque envoi arrive \u00e0 destination en toute s\u00e9curit\u00e9, tout en d\u00e9passant les attentes des clients, quel que soit le poids ou la fragilit\u00e9 des produits. Si vous recherchez des fournisseurs de services FTL (Full Truckload) fiables, capables de livrer vos marchandises \u00e0 temps et dans les limites de votre budget, ne cherchez pas plus loin que Nour Transport, votre partenaire de confiance en mati\u00e8re de transport routier depuis plus de 20 ans !\t\t\t\t\t\t\t\t<\/div>\n\t\t\t\t<\/div>\n\t\t\t\t\t<\/div>\n\t\t<\/div>\n\t\t\t\t<div class=\"elementor-column elementor-col-50 elementor-top-column elementor-element elementor-element-35f8c7d elementor-invisible\" data-id=\"35f8c7d\" data-element_type=\"column\" data-e-type=\"column\" data-settings=\"{&quot;animation&quot;:&quot;slideInRight&quot;,&quot;background_background&quot;:&quot;classic&quot;}\">\n\t\t\t<div class=\"elementor-widget-wrap\">\n\t\t\t\t\t\t\t<\/div>\n\t\t<\/div>\n\t\t\t\t\t<\/div>\n\t\t<\/section>\n\t\t\t\t<section class=\"elementor-section elementor-top-section elementor-element elementor-element-70069e1b elementor-section-boxed elementor-section-height-default elementor-section-height-default\" data-id=\"70069e1b\" data-element_type=\"section\" data-e-type=\"section\" id=\"quote\">\n\t\t\t\t\t\t<div class=\"elementor-container elementor-column-gap-default\">\n\t\t\t\t\t<div class=\"elementor-column elementor-col-50 elementor-top-column elementor-element elementor-element-4569a0c\" data-id=\"4569a0c\" data-element_type=\"column\" data-e-type=\"column\">\n\t\t\t<div class=\"elementor-widget-wrap elementor-element-populated\">\n\t\t\t\t\t\t<div class=\"elementor-element elementor-element-596754b5 elementor-widget elementor-widget-heading\" data-id=\"596754b5\" data-element_type=\"widget\" data-e-type=\"widget\" data-widget_type=\"heading.default\">\n\t\t\t\t<div class=\"elementor-widget-container\">\n\t\t\t\t\t<h2 class=\"elementor-heading-title elementor-size-default\">Obtenez une soumission<\/h2>\t\t\t\t<\/div>\n\t\t\t\t<\/div>\n\t\t\t\t<div class=\"elementor-element elementor-element-21d9d34f elementor-widget-divider--view-line elementor-widget elementor-widget-divider\" data-id=\"21d9d34f\" data-element_type=\"widget\" data-e-type=\"widget\" data-widget_type=\"divider.default\">\n\t\t\t\t<div class=\"elementor-widget-container\">\n\t\t\t\t\t\t\t<div class=\"elementor-divider\">\n\t\t\t<span class=\"elementor-divider-separator\">\n\t\t\t\t\t\t<\/span>\n\t\t<\/div>\n\t\t\t\t\t\t<\/div>\n\t\t\t\t<\/div>\n\t\t\t\t<div class=\"elementor-element elementor-element-20841406 elementor-widget elementor-widget-global elementor-global-3388 elementor-global-3349 elementor-widget-text-editor\" data-id=\"20841406\" data-element_type=\"widget\" data-e-type=\"widget\" data-widget_type=\"text-editor.default\">\n\t\t\t\t<div class=\"elementor-widget-container\">\n\t\t\t\t\t\t\t\t\t<h3>Nour Transport<\/h3>\n<p>1945, 55e avenue<br><span style=\"font-style: inherit; font-weight: inherit; background-color: var(--ast-global-color-4); color: var(--ast-global-color-3);\">Dorval (Qu\u00e9bec), H9P 1G9<\/span><\/p>\n<p><strong>Ventes :<\/strong><br>T\u00e9l\u00e9phone :&nbsp;&nbsp;(514) 886-1663<br>Courriel : <a href=\"mailto:sales@nourtransport.com\">sales@nourtransport.com<\/a><\/p>\n<p><strong>Bureau :<\/strong><br>T\u00e9l\u00e9phone : <a href=\"tel:5148561032\">(514) 856-1032<\/a><br>Courriel : <a href=\"mailto:admin@nourtransport.com\">admin@nourtransport.com<\/a><\/p>\n<p><span style=\"font-style: inherit; font-weight: inherit; background-color: var(--ast-global-color-4); color: var(--ast-global-color-3);\">T\u00e9l\u00e9copieur : 1 (855) 585-6687<\/span><\/p>\t\t\t\t\t\t\t\t<\/div>\n\t\t\t\t<\/div>\n\t\t\t\t\t<\/div>\n\t\t<\/div>\n\t\t\t\t<div class=\"elementor-column elementor-col-50 elementor-top-column elementor-element elementor-element-29fd2ff2\" data-id=\"29fd2ff2\" data-element_type=\"column\" data-e-type=\"column\">\n\t\t\t<div class=\"elementor-widget-wrap elementor-element-populated\">\n\t\t\t\t\t\t<div class=\"elementor-element elementor-element-1f1ff8b5 elementor-button-align-start elementor-widget elementor-widget-global elementor-global-3390 elementor-global-3352 elementor-widget-form\" data-id=\"1f1ff8b5\" data-element_type=\"widget\" data-e-type=\"widget\" data-settings=\"{&quot;step_next_label&quot;:&quot;Suivant&quot;,&quot;step_previous_label&quot;:&quot;Pr\\u00e9c\\u00e9dent&quot;,&quot;button_width&quot;:&quot;100&quot;,&quot;step_type&quot;:&quot;number_text&quot;,&quot;step_icon_shape&quot;:&quot;circle&quot;}\" data-widget_type=\"form.default\">\n\t\t\t\t<div class=\"elementor-widget-container\">\n\t\t\t\t\t\t\t<form class=\"elementor-form\" method=\"post\" name=\"Nouveau formulaire\">\n\t\t\t<input type=\"hidden\" name=\"post_id\" value=\"3144\"\/>\n\t\t\t<input type=\"hidden\" name=\"form_id\" value=\"1f1ff8b5\"\/>\n\t\t\t<input type=\"hidden\" name=\"referer_title\" value=\"\" \/>\n\n\t\t\t\n\t\t\t<div class=\"elementor-form-fields-wrapper elementor-labels-above\">\n\t\t\t\t\t\t\t\t<div class=\"elementor-field-type-text elementor-field-group elementor-column elementor-field-group-name elementor-col-100 elementor-field-required elementor-mark-required\">\n\t\t\t\t\t\t\t\t\t\t\t\t<label for=\"form-field-name\" class=\"elementor-field-label\">\n\t\t\t\t\t\t\t\tNom\t\t\t\t\t\t\t<\/label>\n\t\t\t\t\t\t\t\t\t\t\t\t\t\t<input size=\"1\" type=\"text\" name=\"form_fields[name]\" id=\"form-field-name\" class=\"elementor-field elementor-size-md  elementor-field-textual\" required=\"required\" aria-required=\"true\">\n\t\t\t\t\t\t\t\t\t\t\t<\/div>\n\t\t\t\t\t\t\t\t<div class=\"elementor-field-type-email elementor-field-group elementor-column elementor-field-group-email elementor-col-100 elementor-field-required elementor-mark-required\">\n\t\t\t\t\t\t\t\t\t\t\t\t<label for=\"form-field-email\" class=\"elementor-field-label\">\n\t\t\t\t\t\t\t\tCourriel :\t\t\t\t\t\t\t<\/label>\n\t\t\t\t\t\t\t\t\t\t\t\t\t\t<input size=\"1\" type=\"email\" name=\"form_fields[email]\" id=\"form-field-email\" class=\"elementor-field elementor-size-md  elementor-field-textual\" required=\"required\" aria-required=\"true\">\n\t\t\t\t\t\t\t\t\t\t\t<\/div>\n\t\t\t\t\t\t\t\t<div class=\"elementor-field-type-tel elementor-field-group elementor-column elementor-field-group-phone elementor-col-100 elementor-field-required elementor-mark-required\">\n\t\t\t\t\t\t\t\t\t\t\t\t<label for=\"form-field-phone\" class=\"elementor-field-label\">\n\t\t\t\t\t\t\t\tT\u00e9l\u00e9phone\t\t\t\t\t\t\t<\/label>\n\t\t\t\t\t\t\t\t<input size=\"1\" type=\"tel\" name=\"form_fields[phone]\" id=\"form-field-phone\" class=\"elementor-field elementor-size-md  elementor-field-textual\" required=\"required\" aria-required=\"true\" pattern=\"[0-9()#&amp;+*-=.]+\" title=\"Seuls les caract\u00e8res de num\u00e9ros de t\u00e9l\u00e9phone (#, -, *, etc.) sont accept\u00e9s.\">\n\n\t\t\t\t\t\t<\/div>\n\t\t\t\t\t\t\t\t<div class=\"elementor-field-type-checkbox elementor-field-group elementor-column elementor-field-group-field_79d4ce3 elementor-col-100\">\n\t\t\t\t\t\t\t\t\t\t\t\t<label for=\"form-field-field_79d4ce3\" class=\"elementor-field-label\">\n\t\t\t\t\t\t\t\t\u00cates-vous d\u00e9j\u00e0 client* ?\t\t\t\t\t\t\t<\/label>\n\t\t\t\t\t\t<div class=\"elementor-field-subgroup  \"><span class=\"elementor-field-option\"><input type=\"checkbox\" value=\"Je suis un nouveau client\" id=\"form-field-field_79d4ce3-0\" name=\"form_fields[field_79d4ce3][]\"> <label for=\"form-field-field_79d4ce3-0\">Je suis un nouveau client<\/label><\/span><span class=\"elementor-field-option\"><input type=\"checkbox\" value=\"Je suis d\u00e9\u00e0 client\" id=\"form-field-field_79d4ce3-1\" name=\"form_fields[field_79d4ce3][]\"> <label for=\"form-field-field_79d4ce3-1\">Je suis d\u00e9\u00e0 client<\/label><\/span><\/div>\t\t\t\t<\/div>\n\t\t\t\t\t\t\t\t<div class=\"elementor-field-type-select elementor-field-group elementor-column elementor-field-group-field_2528ee9 elementor-col-100 elementor-field-required elementor-mark-required\">\n\t\t\t\t\t\t\t\t\t\t\t\t<label for=\"form-field-field_2528ee9\" class=\"elementor-field-label\">\n\t\t\t\t\t\t\t\tService requis\t\t\t\t\t\t\t<\/label>\n\t\t\t\t\t\t\t\t<div class=\"elementor-field elementor-select-wrapper remove-before \">\n\t\t\t<div class=\"select-caret-down-wrapper\">\n\t\t\t\t<i aria-hidden=\"true\" class=\"eicon-caret-down\"><\/i>\t\t\t<\/div>\n\t\t\t<select name=\"form_fields[field_2528ee9]\" id=\"form-field-field_2528ee9\" class=\"elementor-field-textual elementor-size-md\" required=\"required\" aria-required=\"true\">\n\t\t\t\t\t\t\t\t\t<option value=\"S\u00e9lectionner le service requis\">S\u00e9lectionner le service requis<\/option>\n\t\t\t\t\t\t\t\t\t<option value=\"Transport r\u00e9frig\u00e9r\u00e9 FTL\">Transport r\u00e9frig\u00e9r\u00e9 FTL<\/option>\n\t\t\t\t\t\t\t\t\t<option value=\"Transport r\u00e9frig\u00e9r\u00e9 local\">Transport r\u00e9frig\u00e9r\u00e9 local<\/option>\n\t\t\t\t\t\t\t\t\t<option value=\"Transport chauff\u00e9\">Transport chauff\u00e9<\/option>\n\t\t\t\t\t\t\t\t\t<option value=\"Transport \u00e0 temp\u00e9rature ambiante (dry box)\">Transport \u00e0 temp\u00e9rature ambiante (dry box)<\/option>\n\t\t\t\t\t\t\t<\/select>\n\t\t<\/div>\n\t\t\t\t\t\t<\/div>\n\t\t\t\t\t\t\t\t<div class=\"elementor-field-group elementor-column elementor-field-type-submit elementor-col-100 e-form__buttons\">\n\t\t\t\t\t<button class=\"elementor-button elementor-size-md\" type=\"submit\">\n\t\t\t\t\t\t<span class=\"elementor-button-content-wrapper\">\n\t\t\t\t\t\t\t\t\t\t\t\t\t\t\t\t\t\t\t\t\t\t<span class=\"elementor-button-text\">Demande de soumission<\/span>\n\t\t\t\t\t\t\t\t\t\t\t\t\t<\/span>\n\t\t\t\t\t<\/button>\n\t\t\t\t<\/div>\n\t\t\t<\/div>\n\t\t<\/form>\n\t\t\t\t\t\t<\/div>\n\t\t\t\t<\/div>\n\t\t\t\t\t<\/div>\n\t\t<\/div>\n\t\t\t\t\t<\/div>\n\t\t<\/section>\n\t\t\t\t<\/div>\n\t\t","protected":false},"excerpt":{"rendered":"<p>Obtenez une soumission Obtenez une soumission Chez Nour Transport, nous offrons un service de transport r\u00e9frig\u00e9r\u00e9 Qu\u00e9bec-Ontario FTL (Full Truckload) fiable qui couvre les provinces du Qu\u00e9bec et de l\u2019Ontario, ainsi que les provinces maritimes. Nous offrons ce service depuis plus de 20 ans, vous pouvez donc \u00eatre rassur\u00e9 en sachant qu&rsquo;avec nous, vos produits [&hellip;]<\/p>\n","protected":false},"author":4,"featured_media":0,"parent":0,"menu_order":0,"comment_status":"closed","ping_status":"closed","template":"","meta":{"site-sidebar-layout":"no-sidebar","site-content-layout":"page-builder","ast-site-content-layout":"","site-content-style":"default","site-sidebar-style":"default","ast-global-header-display":"","ast-banner-title-visibility":"","ast-main-header-display":"","ast-hfb-above-header-display":"","ast-hfb-below-header-display":"","ast-hfb-mobile-header-display":"","site-post-title":"disabled","ast-breadcrumbs-content":"","ast-featured-img":"disabled","footer-sml-layout":"","theme-transparent-header-meta":"","adv-header-id-meta":"","stick-header-meta":"","header-above-stick-meta":"","header-main-stick-meta":"","header-below-stick-meta":"","astra-migrate-meta-layouts":"default","ast-page-background-enabled":"default","ast-page-background-meta":{"desktop":{"background-color":"","background-image":"","background-repeat":"repeat","background-position":"center center","background-size":"auto","background-attachment":"scroll","background-type":"","background-media":"","overlay-type":"","overlay-color":"","overlay-opacity":"","overlay-gradient":""},"tablet":{"background-color":"","background-image":"","background-repeat":"repeat","background-position":"center center","background-size":"auto","background-attachment":"scroll","background-type":"","background-media":"","overlay-type":"","overlay-color":"","overlay-opacity":"","overlay-gradient":""},"mobile":{"background-color":"","background-image":"","background-repeat":"repeat","background-position":"center center","background-size":"auto","background-attachment":"scroll","background-type":"","background-media":"","overlay-type":"","overlay-color":"","overlay-opacity":"","overlay-gradient":""}},"ast-content-background-meta":{"desktop":{"background-color":"var(--ast-global-color-5)","background-image":"","background-repeat":"repeat","background-position":"center center","background-size":"auto","background-attachment":"scroll","background-type":"","background-media":"","overlay-type":"","overlay-color":"","overlay-opacity":"","overlay-gradient":""},"tablet":{"background-color":"var(--ast-global-color-5)","background-image":"","background-repeat":"repeat","background-position":"center center","background-size":"auto","background-attachment":"scroll","background-type":"","background-media":"","overlay-type":"","overlay-color":"","overlay-opacity":"","overlay-gradient":""},"mobile":{"background-color":"var(--ast-global-color-5)","background-image":"","background-repeat":"repeat","background-position":"center center","background-size":"auto","background-attachment":"scroll","background-type":"","background-media":"","overlay-type":"","overlay-color":"","overlay-opacity":"","overlay-gradient":""}},"footnotes":""},"class_list":["post-3144","page","type-page","status-publish","hentry"],"_links":{"self":[{"href":"https:\/\/nourtransport.com\/fr\/wp-json\/wp\/v2\/pages\/3144","targetHints":{"allow":["GET"]}}],"collection":[{"href":"https:\/\/nourtransport.com\/fr\/wp-json\/wp\/v2\/pages"}],"about":[{"href":"https:\/\/nourtransport.com\/fr\/wp-json\/wp\/v2\/types\/page"}],"author":[{"embeddable":true,"href":"https:\/\/nourtransport.com\/fr\/wp-json\/wp\/v2\/users\/4"}],"replies":[{"embeddable":true,"href":"https:\/\/nourtransport.com\/fr\/wp-json\/wp\/v2\/comments?post=3144"}],"version-history":[{"count":0,"href":"https:\/\/nourtransport.com\/fr\/wp-json\/wp\/v2\/pages\/3144\/revisions"}],"wp:attachment":[{"href":"https:\/\/nourtransport.com\/fr\/wp-json\/wp\/v2\/media?parent=3144"}],"curies":[{"name":"wp","href":"https:\/\/api.w.org\/{rel}","templated":true}]}}